{"id":304,"date":"2025-06-12T21:36:07","date_gmt":"2025-06-12T21:36:07","guid":{"rendered":"https:\/\/its-electric.nl\/?page_id=304"},"modified":"2025-08-15T09:50:33","modified_gmt":"2025-08-15T09:50:33","slug":"laadinfrastructuur-energieadvies","status":"publish","type":"page","link":"https:\/\/its-electric.nl\/en\/laadinfrastructuur-energieadvies\/","title":{"rendered":"Laadinfrastructuur &#038; energieadvies"},"content":{"rendered":"<div data-elementor-type=\"wp-page\" data-elementor-id=\"304\" class=\"elementor elementor-304\" data-elementor-post-type=\"page\">\n\t\t\t\t<div data-particle_enable=\"false\" data-particle-mobile-disabled=\"false\" class=\"elementor-element elementor-element-06ba50b e-con-full e-flex e-con e-parent\" data-id=\"06ba50b\" data-element_type=\"container\" data-e-type=\"container\" data-settings=\"{&quot;background_background&quot;:&quot;classic&quot;}\">\n\t\t\t\t<\/div>\n\t\t<div data-particle_enable=\"false\" data-particle-mobile-disabled=\"false\" class=\"elementor-element elementor-element-8f310af e-flex e-con-boxed e-con e-parent\" data-id=\"8f310af\" data-element_type=\"container\" data-e-type=\"container\" data-settings=\"{&quot;background_background&quot;:&quot;classic&quot;}\">\n\t\t\t\t\t<div class=\"e-con-inner\">\n\t\t<div data-particle_enable=\"false\" data-particle-mobile-disabled=\"false\" class=\"elementor-element elementor-element-9b4cf7a e-con-full e-flex e-con e-child\" data-id=\"9b4cf7a\" data-element_type=\"container\" data-e-type=\"container\">\n\t\t<div data-particle_enable=\"false\" data-particle-mobile-disabled=\"false\" class=\"elementor-element elementor-element-c251589 e-con-full e-flex e-con e-child\" data-id=\"c251589\" data-element_type=\"container\" data-e-type=\"container\">\n\t\t\t\t<div class=\"elementor-element elementor-element-fe57add elementor-widget elementor-widget-heading\" data-id=\"fe57add\" data-element_type=\"widget\" data-e-type=\"widget\" data-widget_type=\"heading.default\">\n\t\t\t\t<div class=\"elementor-widget-container\">\n\t\t\t\t\t<h2 class=\"elementor-heading-title elementor-size-default\">Laadinfrastructuur &amp; energieadvies<\/h2>\t\t\t\t<\/div>\n\t\t\t\t<\/div>\n\t\t\t\t<div class=\"elementor-element elementor-element-699b034 elementor-widget elementor-widget-text-editor\" data-id=\"699b034\" data-element_type=\"widget\" data-e-type=\"widget\" data-widget_type=\"text-editor.default\">\n\t\t\t\t<div class=\"elementor-widget-container\">\n\t\t\t\t\t\t\t\t\t<p>Kiezen voor elektrische voertuigen betekent \u00f3\u00f3k nadenken over je laadoplossingen. Het \u00e9\u00e9n kan niet zonder het ander. Ik help je om jouw duurzame keuze en laadbehoefte op elkaar aan te laten sluiten \u2013 met oplossingen die passen binnen je huidige netaansluiting \u00e9n toekomstplannen.<\/p>\t\t\t\t\t\t\t\t<\/div>\n\t\t\t\t<\/div>\n\t\t\t\t<\/div>\n\t\t\t\t<\/div>\n\t\t\t\t\t<\/div>\n\t\t\t\t<\/div>\n\t\t\t\t<\/div>","protected":false},"excerpt":{"rendered":"<p>Laadinfrastructuur &amp; energieadvies Kiezen voor elektrische voertuigen betekent \u00f3\u00f3k nadenken over je laadoplossingen. Het \u00e9\u00e9n kan niet zonder het ander. Ik help je om jouw duurzame keuze en laadbehoefte op elkaar aan te laten sluiten \u2013 met oplossingen die passen binnen je huidige netaansluiting \u00e9n toekomstplannen.<\/p>","protected":false},"author":1,"featured_media":0,"parent":0,"menu_order":0,"comment_status":"closed","ping_status":"closed","template":"","meta":{"footnotes":""},"class_list":["post-304","page","type-page","status-publish","hentry"],"rttpg_featured_image_url":null,"rttpg_author":{"display_name":"admin","author_link":"https:\/\/its-electric.nl\/en\/author\/admin\/"},"rttpg_comment":0,"rttpg_category":null,"rttpg_excerpt":"Laadinfrastructuur &amp; energieadvies Kiezen voor elektrische voertuigen betekent \u00f3\u00f3k nadenken over je laadoplossingen. Het \u00e9\u00e9n kan niet zonder het ander. Ik help je om jouw duurzame keuze en laadbehoefte op elkaar aan te laten sluiten \u2013 met oplossingen die passen binnen je huidige netaansluiting \u00e9n toekomstplannen.","_links":{"self":[{"href":"https:\/\/its-electric.nl\/en\/wp-json\/wp\/v2\/pages\/304","targetHints":{"allow":["GET"]}}],"collection":[{"href":"https:\/\/its-electric.nl\/en\/wp-json\/wp\/v2\/pages"}],"about":[{"href":"https:\/\/its-electric.nl\/en\/wp-json\/wp\/v2\/types\/page"}],"author":[{"embeddable":true,"href":"https:\/\/its-electric.nl\/en\/wp-json\/wp\/v2\/users\/1"}],"replies":[{"embeddable":true,"href":"https:\/\/its-electric.nl\/en\/wp-json\/wp\/v2\/comments?post=304"}],"version-history":[{"count":0,"href":"https:\/\/its-electric.nl\/en\/wp-json\/wp\/v2\/pages\/304\/revisions"}],"wp:attachment":[{"href":"https:\/\/its-electric.nl\/en\/wp-json\/wp\/v2\/media?parent=304"}],"curies":[{"name":"wp","href":"https:\/\/api.w.org\/{rel}","templated":true}]}}